{"id":2,"date":"2014-09-06T09:40:05","date_gmt":"2014-09-06T08:40:05","guid":{"rendered":"http:\/\/canopea-productions.be\/?page_id=2"},"modified":"2023-03-10T10:01:06","modified_gmt":"2023-03-10T09:01:06","slug":"presentation","status":"publish","type":"page","link":"https:\/\/canopea-productions.be\/","title":{"rendered":"Pr\u00e9sentation"},"content":{"rendered":"<p>Fond\u00e9e en 2006, l&rsquo;ASBL <strong>Canopea Productions<\/strong> a pour but de favoriser l\u2019usage des outils de cr\u00e9ation et de communication num\u00e9riques dans les activit\u00e9s culturelles, artistiques, sociales et \u00e9ducatives.<\/p>\n<p>Elle propose notamment des services de productions audiovisuelles nomades et durables, concr\u00e9tis\u00e9e par la collaboration avec l&rsquo;\u00e9mission <strong><a href=\"https:\/\/www.rtbf.be\/lapremiere\/emissions\/detail_le-monde-est-un-village?programId=262#toplivearea\" target=\"_blank\" rel=\"noopener\"><em>Le Monde est un village<\/em><\/a> <\/strong>de la RTBF &#8211;\u00a0 <a href=\"https:\/\/www.rtbf.be\/lapremiere\/\" target=\"_blank\" rel=\"noopener\">La Premi\u00e8re<\/a>.<\/p>\n<p>Nous collaborons \u00e9galement avec d&rsquo;autres associations comme <strong><a href=\"https:\/\/culturesetpublics.be\/\"><em>Culture &amp; Publics<\/em><\/a><\/strong> que nous accompagnons dans le cadre de leur projet <em><span style=\"color: #339966;\"><strong><a style=\"color: #339966;\" href=\"https:\/\/sorocity.be\">Sorocity<\/a><\/strong><\/span>.<\/em><\/p>\n<p>Nos vid\u00e9os sont visibles sur la cha\u00eene Dailymotion de l&rsquo;\u00e9mission : <a title=\"RadioNomade sur Dailymotion\" href=\"http:\/\/dailymotion.com\/radionomade\" target=\"_blank\" rel=\"noopener\">RadioNomade<\/a><\/p>\n<p><iframe loading=\"lazy\" title=\"ASAKIVLE\" frameborder=\"0\" width=\"604\" height=\"339\" src=\"https:\/\/geo.dailymotion.com\/player.html?video=xlkpmg&#038;\" allowfullscreen allow=\"autoplay; fullscreen; picture-in-picture; web-share\"><\/iframe><\/p>\n","protected":false},"excerpt":{"rendered":"<p>Fond\u00e9e en 2006, l&rsquo;ASBL Canopea Productions a pour but de favoriser l\u2019usage des outils de cr\u00e9ation et de communication num\u00e9riques dans les activit\u00e9s culturelles, artistiques, sociales et \u00e9ducatives. Elle propose notamment des services de productions audiovisuelles nomades et durables, concr\u00e9tis\u00e9e par la collaboration avec l&rsquo;\u00e9mission Le Monde est un village de la RTBF &#8211;\u00a0 La &hellip; <a href=\"https:\/\/canopea-productions.be\/\" class=\"more-link\">Continuer la lecture de <span class=\"screen-reader-text\">Pr\u00e9sentation<\/span> <span class=\"meta-nav\">&rarr;<\/span><\/a><\/p>\n","protected":false},"author":1,"featured_media":0,"parent":0,"menu_order":0,"comment_status":"closed","ping_status":"closed","template":"","meta":{"footnotes":""},"class_list":["post-2","page","type-page","status-publish","hentry"],"_links":{"self":[{"href":"https:\/\/canopea-productions.be\/index.php?rest_route=\/wp\/v2\/pages\/2","targetHints":{"allow":["GET"]}}],"collection":[{"href":"https:\/\/canopea-productions.be\/index.php?rest_route=\/wp\/v2\/pages"}],"about":[{"href":"https:\/\/canopea-productions.be\/index.php?rest_route=\/wp\/v2\/types\/page"}],"author":[{"embeddable":true,"href":"https:\/\/canopea-productions.be\/index.php?rest_route=\/wp\/v2\/users\/1"}],"replies":[{"embeddable":true,"href":"https:\/\/canopea-productions.be\/index.php?rest_route=%2Fwp%2Fv2%2Fcomments&post=2"}],"version-history":[{"count":16,"href":"https:\/\/canopea-productions.be\/index.php?rest_route=\/wp\/v2\/pages\/2\/revisions"}],"predecessor-version":[{"id":34,"href":"https:\/\/canopea-productions.be\/index.php?rest_route=\/wp\/v2\/pages\/2\/revisions\/34"}],"wp:attachment":[{"href":"https:\/\/canopea-productions.be\/index.php?rest_route=%2Fwp%2Fv2%2Fmedia&parent=2"}],"curies":[{"name":"wp","href":"https:\/\/api.w.org\/{rel}","templated":true}]}}