{"id":42,"date":"2022-11-14T11:26:22","date_gmt":"2022-11-14T10:26:22","guid":{"rendered":"https:\/\/canopea-productions.be\/?page_id=42"},"modified":"2024-12-09T17:27:15","modified_gmt":"2024-12-09T16:27:15","slug":"cgu-confidentialite","status":"publish","type":"page","link":"https:\/\/canopea-productions.be\/?page_id=42","title":{"rendered":"CGU &#8211; Confidentialit\u00e9"},"content":{"rendered":"<h3>Conditions g\u00e9n\u00e9rales d&rsquo;utilisation du site<\/h3>\n<p>Le site <em>canopea-productions.be<\/em> que vous visitez est produit et g\u00e9r\u00e9 par l&rsquo;Association sans but lucratif Canopea Productions. Son si\u00e8ge social est situ\u00e9: 23 Avenue du Jeu de Paume, 1150 Woluwe-Saint-Pierre, Belgique, son num\u00e9ro d&rsquo;entreprise est BE 0897.379.860.<\/p>\n<p>Contacts : info (at) canopea-productions.be &#8211; +32 483 02 77 26<\/p>\n<p>Les informations de ce document sont susceptibles de changer de temps en temps, vous \u00eates invit\u00e9s \u00e0 revenir le consulter si n\u00e9cessaire.<\/p>\n<p>En cas de litige, \u00e0 d\u00e9faut d\u2019accord amiable, Canopea productions ASBL est inscrite au RPM et les tribunaux de l\u2019arrondissement judiciaire de Bruxelles si\u00e9geant en langue fran\u00e7aise sont seuls comp\u00e9tents.<\/p>\n<h4>Extraits des statuts<\/h4>\n<blockquote><p>Le but d\u00e9sint\u00e9ress\u00e9 poursuivi est de favoriser l\u2019usage des outils de cr\u00e9ation et de communication num\u00e9riques dans les activit\u00e9s culturelles, artistiques, sociales et \u00e9ducatives.<\/p>\n<p>Les activit\u00e9s constituant l\u2019objet sont : prises d\u2019images, de sons, montages, r\u00e9alisation et production de films, reportages, documentaires, r\u00e9alisation et production d\u2019\u0153uvres multimedia, organisation, r\u00e9alisation et production d\u2019\u0153uvres et de spectacles vivants, organisation de conseils, formations, pr\u00eater concours \u00e0 des activit\u00e9s similaires dans les domaines du son, de l\u2019 image et du web.<\/p><\/blockquote>\n<h3>Politique de confidentialit\u00e9<\/h3>\n<p>Le site ne recueille aucune donn\u00e9e personnelle aupr\u00e8s de ses visiteurs.<\/p>\n","protected":false},"excerpt":{"rendered":"<p>Conditions g\u00e9n\u00e9rales d&rsquo;utilisation du site Le site canopea-productions.be que vous visitez est produit et g\u00e9r\u00e9 par l&rsquo;Association sans but lucratif Canopea Productions. Son si\u00e8ge social est situ\u00e9: 23 Avenue du Jeu de Paume, 1150 Woluwe-Saint-Pierre, Belgique, son num\u00e9ro d&rsquo;entreprise est BE 0897.379.860. Contacts : info (at) canopea-productions.be &#8211; +32 483 02 77 26 Les informations &hellip; <a href=\"https:\/\/canopea-productions.be\/?page_id=42\" class=\"more-link\">Continuer la lecture de <span class=\"screen-reader-text\">CGU &#8211; Confidentialit\u00e9<\/span> <span class=\"meta-nav\">&rarr;<\/span><\/a><\/p>\n","protected":false},"author":1,"featured_media":0,"parent":0,"menu_order":0,"comment_status":"closed","ping_status":"closed","template":"","meta":{"footnotes":""},"class_list":["post-42","page","type-page","status-publish","hentry"],"_links":{"self":[{"href":"https:\/\/canopea-productions.be\/index.php?rest_route=\/wp\/v2\/pages\/42","targetHints":{"allow":["GET"]}}],"collection":[{"href":"https:\/\/canopea-productions.be\/index.php?rest_route=\/wp\/v2\/pages"}],"about":[{"href":"https:\/\/canopea-productions.be\/index.php?rest_route=\/wp\/v2\/types\/page"}],"author":[{"embeddable":true,"href":"https:\/\/canopea-productions.be\/index.php?rest_route=\/wp\/v2\/users\/1"}],"replies":[{"embeddable":true,"href":"https:\/\/canopea-productions.be\/index.php?rest_route=%2Fwp%2Fv2%2Fcomments&post=42"}],"version-history":[{"count":5,"href":"https:\/\/canopea-productions.be\/index.php?rest_route=\/wp\/v2\/pages\/42\/revisions"}],"predecessor-version":[{"id":68,"href":"https:\/\/canopea-productions.be\/index.php?rest_route=\/wp\/v2\/pages\/42\/revisions\/68"}],"wp:attachment":[{"href":"https:\/\/canopea-productions.be\/index.php?rest_route=%2Fwp%2Fv2%2Fmedia&parent=42"}],"curies":[{"name":"wp","href":"https:\/\/api.w.org\/{rel}","templated":true}]}}